{"id":261,"date":"2016-11-10T15:42:51","date_gmt":"2016-11-10T15:42:51","guid":{"rendered":"https:\/\/oceanwp.org\/architect\/?page_id=261"},"modified":"2021-04-09T01:59:02","modified_gmt":"2021-04-09T01:59:02","slug":"quienes-somos","status":"publish","type":"page","link":"https:\/\/chavezycamposabogados.com.mx\/?page_id=261","title":{"rendered":"\u00bfQui\u00e9nes somos?"},"content":{"rendered":"\t\t<div data-elementor-type=\"wp-page\" data-elementor-id=\"261\" class=\"elementor elementor-261\">\n\t\t\t\t\t\t<div class=\"elementor-inner\">\n\t\t\t\t<div class=\"elementor-section-wrap\">\n\t\t\t\t\t\t\t\t\t<section class=\"elementor-section elementor-top-section elementor-element elementor-element-62779401 elementor-section-content-middle elementor-section-boxed elementor-section-height-default elementor-section-height-default\" data-id=\"62779401\" data-element_type=\"section\">\n\t\t\t\t\t\t<div class=\"elementor-container elementor-column-gap-no\">\n\t\t\t\t\t\t\t<div class=\"elementor-row\">\n\t\t\t\t\t<div class=\"elementor-column elementor-col-100 elementor-top-column elementor-element elementor-element-6fd45b97\" data-id=\"6fd45b97\" data-element_type=\"column\">\n\t\t\t<div class=\"elementor-column-wrap elementor-element-populated\">\n\t\t\t\t\t\t\t<div class=\"elementor-widget-wrap\">\n\t\t\t\t\t\t<div class=\"elementor-element elementor-element-b6d2f29 elementor-widget elementor-widget-spacer\" data-id=\"b6d2f29\" data-element_type=\"widget\" data-widget_type=\"spacer.default\">\n\t\t\t\t<div class=\"elementor-widget-container\">\n\t\t\t\t\t<div class=\"elementor-spacer\">\n\t\t\t<div class=\"elementor-spacer-inner\"><\/div>\n\t\t<\/div>\n\t\t\t\t<\/div>\n\t\t\t\t<\/div>\n\t\t\t\t<div class=\"elementor-element elementor-element-73e8790 elementor-widget elementor-widget-image\" data-id=\"73e8790\" data-element_type=\"widget\" data-widget_type=\"image.default\">\n\t\t\t\t<div class=\"elementor-widget-container\">\n\t\t\t\t\t\t\t\t<div class=\"elementor-image\">\n\t\t\t\t\t\t\t\t\t\t\t\t<img loading=\"lazy\" decoding=\"async\" width=\"1160\" height=\"520\" src=\"https:\/\/chavezycamposabogados.com.mx\/wp-content\/uploads\/2021\/02\/chavez-campos-quienes-somos.png\" class=\"attachment-full size-full\" alt=\"\" srcset=\"https:\/\/chavezycamposabogados.com.mx\/wp-content\/uploads\/2021\/02\/chavez-campos-quienes-somos.png 1160w, https:\/\/chavezycamposabogados.com.mx\/wp-content\/uploads\/2021\/02\/chavez-campos-quienes-somos-300x134.png 300w, https:\/\/chavezycamposabogados.com.mx\/wp-content\/uploads\/2021\/02\/chavez-campos-quienes-somos-1024x459.png 1024w, https:\/\/chavezycamposabogados.com.mx\/wp-content\/uploads\/2021\/02\/chavez-campos-quienes-somos-768x344.png 768w\" sizes=\"auto, (max-width: 1160px) 100vw, 1160px\" \/>\t\t\t\t\t\t\t\t\t\t\t\t\t\t<\/div>\n\t\t\t\t\t\t<\/div>\n\t\t\t\t<\/div>\n\t\t\t\t<div class=\"elementor-element elementor-element-6de722e elementor-widget elementor-widget-spacer\" data-id=\"6de722e\" data-element_type=\"widget\" data-widget_type=\"spacer.default\">\n\t\t\t\t<div class=\"elementor-widget-container\">\n\t\t\t\t\t<div class=\"elementor-spacer\">\n\t\t\t<div class=\"elementor-spacer-inner\"><\/div>\n\t\t<\/div>\n\t\t\t\t<\/div>\n\t\t\t\t<\/div>\n\t\t\t\t<div class=\"elementor-element elementor-element-7975ce75 elementor-widget elementor-widget-heading\" data-id=\"7975ce75\" data-element_type=\"widget\" data-widget_type=\"heading.default\">\n\t\t\t\t<div class=\"elementor-widget-container\">\n\t\t\t<h3 class=\"elementor-heading-title elementor-size-default\">\u00bfQUI\u00c9NES SOMOS?<\/h3>\t\t<\/div>\n\t\t\t\t<\/div>\n\t\t\t\t<div class=\"elementor-element elementor-element-5d13fc7 elementor-widget-divider--view-line elementor-widget elementor-widget-divider\" data-id=\"5d13fc7\" data-element_type=\"widget\" data-widget_type=\"divider.default\">\n\t\t\t\t<div class=\"elementor-widget-container\">\n\t\t\t\t\t<div class=\"elementor-divider\">\n\t\t\t<span class=\"elementor-divider-separator\">\n\t\t\t\t\t\t<\/span>\n\t\t<\/div>\n\t\t\t\t<\/div>\n\t\t\t\t<\/div>\n\t\t\t\t<section class=\"elementor-section elementor-inner-section elementor-element elementor-element-33bddd65 elementor-section-full_width elementor-section-height-default elementor-section-height-default\" data-id=\"33bddd65\" data-element_type=\"section\">\n\t\t\t\t\t\t<div class=\"elementor-container elementor-column-gap-default\">\n\t\t\t\t\t\t\t<div class=\"elementor-row\">\n\t\t\t\t\t<div class=\"elementor-column elementor-col-100 elementor-inner-column elementor-element elementor-element-380199ad\" data-id=\"380199ad\" data-element_type=\"column\">\n\t\t\t<div class=\"elementor-column-wrap elementor-element-populated\">\n\t\t\t\t\t\t\t<div class=\"elementor-widget-wrap\">\n\t\t\t\t\t\t<div class=\"elementor-element elementor-element-f15425e elementor-widget elementor-widget-text-editor\" data-id=\"f15425e\" data-element_type=\"widget\" data-widget_type=\"text-editor.default\">\n\t\t\t\t<div class=\"elementor-widget-container\">\n\t\t\t\t\t\t\t\t<div class=\"elementor-text-editor elementor-clearfix\">\n\t\t\t\t<p>Ch\u00e1vez &amp; Campos Abogados, S.C.&nbsp;es un despacho profesional&nbsp;con m\u00e1s de 40 a\u00f1os de experiencia dedicado a resolver los asuntos en materia laboral de nuestros clientes. Nos enfocamos en ofrecer resultados y soluciones, entendiendo todos los aspectos que envuelven este proceso; desde el seguimiento constante para explicar los avances, hasta la empat\u00eda y calidez humana. Nos preocupamos por nuestros clientes, por lo que garantizamos los resultados m\u00e1s ben\u00e9ficos para cada uno con asesor\u00edas personalizadas.<\/p>\n<p>En nuestro Despacho prevalecen los principios de honestidad, seriedad y responsabilidad en la prestaci\u00f3n de servicios jur\u00eddicos especializados y como principio, en todo proceso a nuestro cargo observaremos la \u00e9tica, el estudio, la rapidez y un estricto seguimiento de los asuntos.<\/p>\n<p><b>La reputaci\u00f3n del Despacho nos la hemos ganado con los a\u00f1os por recomendaciones de clientes, con su confianza para llevarlos de la mano a trav\u00e9s de la resoluci\u00f3n de sus conflictos, ofreciendo calidad y&nbsp; transparencia en&nbsp;nuestros servicios jur\u00eddicos.<\/b><\/p>\n<p>Uno de nuestros socios fundadores del Despacho es, tambi\u00e9n, Director General en el Instituto de Posgrado en Derecho, Presidente de la Academia Mexicana de Derecho Procesal del Trabajo y Coordinador de la Comisi\u00f3n de Trabajo y Seguridad Social de la Barra Mexicana, Colegio de Abogados. Es decir, nuestros abogados est\u00e1n en constante preparaci\u00f3n y estudio para formarse y actualizarse como expertos en Derecho, con alto nivel profesional&nbsp; y personal para que gracias a esta cercan\u00eda, seamos los especialistas que atienden los casos de nuestros clientes.<\/p>\t\t\t\t\t<\/div>\n\t\t\t\t\t\t<\/div>\n\t\t\t\t<\/div>\n\t\t\t\t\t\t<\/div>\n\t\t\t\t\t<\/div>\n\t\t<\/div>\n\t\t\t\t\t\t\t\t<\/div>\n\t\t\t\t\t<\/div>\n\t\t<\/section>\n\t\t\t\t\t\t<\/div>\n\t\t\t\t\t<\/div>\n\t\t<\/div>\n\t\t\t\t\t\t\t\t<\/div>\n\t\t\t\t\t<\/div>\n\t\t<\/section>\n\t\t\t\t\t\t\t\t\t<\/div>\n\t\t\t<\/div>\n\t\t\t\t\t<\/div>\n\t\t","protected":false},"excerpt":{"rendered":"<p>\u00bfQUI\u00c9NES SOMOS? Ch\u00e1vez &amp; Campos Abogados, S.C.&nbsp;es un despacho profesional&nbsp;con m\u00e1s de 40 a\u00f1os de experiencia dedicado a resolver los asuntos en materia laboral de nuestros clientes. Nos enfocamos en ofrecer resultados y soluciones, entendiendo todos los aspectos que envuelven este proceso; desde el seguimiento constante para explicar los avances, hasta la empat\u00eda y calidez [&hellip;]<\/p>\n","protected":false},"author":1,"featured_media":0,"parent":0,"menu_order":0,"comment_status":"closed","ping_status":"closed","template":"elementor_header_footer","meta":{"_monsterinsights_skip_tracking":false,"_monsterinsights_sitenote_active":false,"_monsterinsights_sitenote_note":"","_monsterinsights_sitenote_category":0,"footnotes":""},"class_list":["post-261","page","type-page","status-publish","hentry","entry"],"_links":{"self":[{"href":"https:\/\/chavezycamposabogados.com.mx\/index.php?rest_route=\/wp\/v2\/pages\/261","targetHints":{"allow":["GET"]}}],"collection":[{"href":"https:\/\/chavezycamposabogados.com.mx\/index.php?rest_route=\/wp\/v2\/pages"}],"about":[{"href":"https:\/\/chavezycamposabogados.com.mx\/index.php?rest_route=\/wp\/v2\/types\/page"}],"author":[{"embeddable":true,"href":"https:\/\/chavezycamposabogados.com.mx\/index.php?rest_route=\/wp\/v2\/users\/1"}],"replies":[{"embeddable":true,"href":"https:\/\/chavezycamposabogados.com.mx\/index.php?rest_route=%2Fwp%2Fv2%2Fcomments&post=261"}],"version-history":[{"count":44,"href":"https:\/\/chavezycamposabogados.com.mx\/index.php?rest_route=\/wp\/v2\/pages\/261\/revisions"}],"predecessor-version":[{"id":1774,"href":"https:\/\/chavezycamposabogados.com.mx\/index.php?rest_route=\/wp\/v2\/pages\/261\/revisions\/1774"}],"wp:attachment":[{"href":"https:\/\/chavezycamposabogados.com.mx\/index.php?rest_route=%2Fwp%2Fv2%2Fmedia&parent=261"}],"curies":[{"name":"wp","href":"https:\/\/api.w.org\/{rel}","templated":true}]}}