{"id":589,"date":"2021-02-11T04:58:14","date_gmt":"2021-02-11T04:58:14","guid":{"rendered":"http:\/\/chavezycamposabogados.com.mx\/wordpress\/wordpress\/?page_id=589"},"modified":"2021-03-08T04:31:04","modified_gmt":"2021-03-08T04:31:04","slug":"por-que-somos-la-mejor-opcion","status":"publish","type":"page","link":"https:\/\/chavezycamposabogados.com.mx\/?page_id=589","title":{"rendered":"\u00bfPor qu\u00e9 somos la mejor opci\u00f3n?"},"content":{"rendered":"\t\t<div data-elementor-type=\"wp-page\" data-elementor-id=\"589\" class=\"elementor elementor-589\">\n\t\t\t\t\t\t<div class=\"elementor-inner\">\n\t\t\t\t<div class=\"elementor-section-wrap\">\n\t\t\t\t\t\t\t\t\t<section class=\"elementor-section elementor-top-section elementor-element elementor-element-7d8958bf elementor-section-content-middle elementor-section-boxed elementor-section-height-default elementor-section-height-default\" data-id=\"7d8958bf\" data-element_type=\"section\">\n\t\t\t\t\t\t<div class=\"elementor-container elementor-column-gap-no\">\n\t\t\t\t\t\t\t<div class=\"elementor-row\">\n\t\t\t\t\t<div class=\"elementor-column elementor-col-100 elementor-top-column elementor-element elementor-element-7a83d233\" data-id=\"7a83d233\" data-element_type=\"column\">\n\t\t\t<div class=\"elementor-column-wrap elementor-element-populated\">\n\t\t\t\t\t\t\t<div class=\"elementor-widget-wrap\">\n\t\t\t\t\t\t<div class=\"elementor-element elementor-element-754ff09 elementor-widget elementor-widget-spacer\" data-id=\"754ff09\" data-element_type=\"widget\" data-widget_type=\"spacer.default\">\n\t\t\t\t<div class=\"elementor-widget-container\">\n\t\t\t\t\t<div class=\"elementor-spacer\">\n\t\t\t<div class=\"elementor-spacer-inner\"><\/div>\n\t\t<\/div>\n\t\t\t\t<\/div>\n\t\t\t\t<\/div>\n\t\t\t\t<div class=\"elementor-element elementor-element-49256e88 elementor-widget elementor-widget-image\" data-id=\"49256e88\" data-element_type=\"widget\" data-widget_type=\"image.default\">\n\t\t\t\t<div class=\"elementor-widget-container\">\n\t\t\t\t\t\t\t\t<div class=\"elementor-image\">\n\t\t\t\t\t\t\t\t\t\t\t\t<img loading=\"lazy\" decoding=\"async\" width=\"1160\" height=\"520\" src=\"https:\/\/chavezycamposabogados.com.mx\/wp-content\/uploads\/2021\/02\/chavez-campos-mejor-opcion-1.png\" class=\"attachment-full size-full\" alt=\"\" srcset=\"https:\/\/chavezycamposabogados.com.mx\/wp-content\/uploads\/2021\/02\/chavez-campos-mejor-opcion-1.png 1160w, https:\/\/chavezycamposabogados.com.mx\/wp-content\/uploads\/2021\/02\/chavez-campos-mejor-opcion-1-300x134.png 300w, https:\/\/chavezycamposabogados.com.mx\/wp-content\/uploads\/2021\/02\/chavez-campos-mejor-opcion-1-1024x459.png 1024w, https:\/\/chavezycamposabogados.com.mx\/wp-content\/uploads\/2021\/02\/chavez-campos-mejor-opcion-1-768x344.png 768w\" sizes=\"auto, (max-width: 1160px) 100vw, 1160px\" \/>\t\t\t\t\t\t\t\t\t\t\t\t\t\t<\/div>\n\t\t\t\t\t\t<\/div>\n\t\t\t\t<\/div>\n\t\t\t\t\t\t<\/div>\n\t\t\t\t\t<\/div>\n\t\t<\/div>\n\t\t\t\t\t\t\t\t<\/div>\n\t\t\t\t\t<\/div>\n\t\t<\/section>\n\t\t\t\t<section class=\"elementor-section elementor-top-section elementor-element elementor-element-22771563 elementor-section-content-middle elementor-section-boxed elementor-section-height-default elementor-section-height-default\" data-id=\"22771563\" data-element_type=\"section\">\n\t\t\t\t\t\t<div class=\"elementor-container elementor-column-gap-default\">\n\t\t\t\t\t\t\t<div class=\"elementor-row\">\n\t\t\t\t\t<div class=\"elementor-column elementor-col-50 elementor-top-column elementor-element elementor-element-e042f2e\" data-id=\"e042f2e\" data-element_type=\"column\">\n\t\t\t<div class=\"elementor-column-wrap elementor-element-populated\">\n\t\t\t\t\t\t\t<div class=\"elementor-widget-wrap\">\n\t\t\t\t\t\t<div class=\"elementor-element elementor-element-403fd21 elementor-widget elementor-widget-heading\" data-id=\"403fd21\" data-element_type=\"widget\" data-widget_type=\"heading.default\">\n\t\t\t\t<div class=\"elementor-widget-container\">\n\t\t\t<h4 class=\"elementor-heading-title elementor-size-default\">\u00bfPor qu\u00e9 somos la mejor opci\u00f3n?<\/h4>\t\t<\/div>\n\t\t\t\t<\/div>\n\t\t\t\t\t\t<\/div>\n\t\t\t\t\t<\/div>\n\t\t<\/div>\n\t\t\t\t<div class=\"elementor-column elementor-col-50 elementor-top-column elementor-element elementor-element-311f08dd\" data-id=\"311f08dd\" data-element_type=\"column\">\n\t\t\t<div class=\"elementor-column-wrap elementor-element-populated\">\n\t\t\t\t\t\t\t<div class=\"elementor-widget-wrap\">\n\t\t\t\t\t\t<div class=\"elementor-element elementor-element-3b77ce6 elementor-widget elementor-widget-text-editor\" data-id=\"3b77ce6\" data-element_type=\"widget\" data-widget_type=\"text-editor.default\">\n\t\t\t\t<div class=\"elementor-widget-container\">\n\t\t\t\t\t\t\t\t<div class=\"elementor-text-editor elementor-clearfix\">\n\t\t\t\t<ul><li>Trato personalizado y cercano<\/li><li>Especialistas en la materia<\/li><li>Constante preparaci\u00f3n por cercan\u00eda con el<span style=\"color: #3f4d55;\"><strong> <a style=\"color: #3f4d55;\" href=\"https:\/\/ipd.edu.mx\/\">IPD<\/a><\/strong> y<\/span> distintas asociaciones de abogados\u00a0<\/li><li>Garantizamos resultados para trabajadores y clientes en general<\/li><li>Situados en la CDMX, pero con alcance a toda la Rep\u00fablica Mexicana<\/li><li>Reputaci\u00f3n y recomendaciones de nuestros clientes<\/li><\/ul>\t\t\t\t\t<\/div>\n\t\t\t\t\t\t<\/div>\n\t\t\t\t<\/div>\n\t\t\t\t\t\t<\/div>\n\t\t\t\t\t<\/div>\n\t\t<\/div>\n\t\t\t\t\t\t\t\t<\/div>\n\t\t\t\t\t<\/div>\n\t\t<\/section>\n\t\t\t\t\t\t\t\t\t<\/div>\n\t\t\t<\/div>\n\t\t\t\t\t<\/div>\n\t\t","protected":false},"excerpt":{"rendered":"<p>\u00bfPor qu\u00e9 somos la mejor opci\u00f3n? Trato personalizado y cercano Especialistas en la materia Constante preparaci\u00f3n por cercan\u00eda con el IPD y distintas asociaciones de abogados\u00a0 Garantizamos resultados para trabajadores y clientes en general Situados en la CDMX, pero con alcance a toda la Rep\u00fablica Mexicana Reputaci\u00f3n y recomendaciones de nuestros clientes<\/p>\n","protected":false},"author":1,"featured_media":0,"parent":740,"menu_order":0,"comment_status":"closed","ping_status":"closed","template":"elementor_header_footer","meta":{"_monsterinsights_skip_tracking":false,"_monsterinsights_sitenote_active":false,"_monsterinsights_sitenote_note":"","_monsterinsights_sitenote_category":0,"footnotes":""},"class_list":["post-589","page","type-page","status-publish","hentry","entry"],"_links":{"self":[{"href":"https:\/\/chavezycamposabogados.com.mx\/index.php?rest_route=\/wp\/v2\/pages\/589","targetHints":{"allow":["GET"]}}],"collection":[{"href":"https:\/\/chavezycamposabogados.com.mx\/index.php?rest_route=\/wp\/v2\/pages"}],"about":[{"href":"https:\/\/chavezycamposabogados.com.mx\/index.php?rest_route=\/wp\/v2\/types\/page"}],"author":[{"embeddable":true,"href":"https:\/\/chavezycamposabogados.com.mx\/index.php?rest_route=\/wp\/v2\/users\/1"}],"replies":[{"embeddable":true,"href":"https:\/\/chavezycamposabogados.com.mx\/index.php?rest_route=%2Fwp%2Fv2%2Fcomments&post=589"}],"version-history":[{"count":25,"href":"https:\/\/chavezycamposabogados.com.mx\/index.php?rest_route=\/wp\/v2\/pages\/589\/revisions"}],"predecessor-version":[{"id":1543,"href":"https:\/\/chavezycamposabogados.com.mx\/index.php?rest_route=\/wp\/v2\/pages\/589\/revisions\/1543"}],"up":[{"embeddable":true,"href":"https:\/\/chavezycamposabogados.com.mx\/index.php?rest_route=\/wp\/v2\/pages\/740"}],"wp:attachment":[{"href":"https:\/\/chavezycamposabogados.com.mx\/index.php?rest_route=%2Fwp%2Fv2%2Fmedia&parent=589"}],"curies":[{"name":"wp","href":"https:\/\/api.w.org\/{rel}","templated":true}]}}